{"id":129,"date":"2026-01-03T23:14:03","date_gmt":"2026-01-03T22:14:03","guid":{"rendered":"https:\/\/vip.sbj-media.de\/?page_id=129"},"modified":"2026-03-18T23:38:02","modified_gmt":"2026-03-18T22:38:02","slug":"satzung","status":"publish","type":"page","link":"https:\/\/vip.sbj-media.de\/?page_id=129","title":{"rendered":"Satzung"},"content":{"rendered":"<style>.elementor-129 .elementor-element.elementor-element-449800de{--display:flex;--min-height:440px;--flex-direction:column;--container-widget-width:100%;--container-widget-height:initial;--container-widget-flex-grow:0;--container-widget-align-self:initial;--flex-wrap-mobile:wrap;--justify-content:center;--overlay-opacity:0.7;--padding-top:60px;--padding-bottom:0px;--padding-left:0px;--padding-right:0px;}.elementor-129 .elementor-element.elementor-element-449800de:not(.elementor-motion-effects-element-type-background), .elementor-129 .elementor-element.elementor-element-449800de > .elementor-motion-effects-container > .elementor-motion-effects-layer{background-image:url(\"https:\/\/vip.sbj-media.de\/wp-content\/uploads\/2025\/12\/4.webp\");background-position:center right;background-repeat:no-repeat;background-size:cover;}.elementor-129 .elementor-element.elementor-element-449800de::before, .elementor-129 .elementor-element.elementor-element-449800de > .elementor-background-video-container::before, .elementor-129 .elementor-element.elementor-element-449800de > .e-con-inner > .elementor-background-video-container::before, .elementor-129 .elementor-element.elementor-element-449800de > .elementor-background-slideshow::before, .elementor-129 .elementor-element.elementor-element-449800de > .e-con-inner > .elementor-background-slideshow::before, .elementor-129 .elementor-element.elementor-element-449800de > .elementor-motion-effects-container > .elementor-motion-effects-layer::before{--background-overlay:'';background-color:var( --e-global-color-c69b414 );}.elementor-129 .elementor-element.elementor-element-59d850e8{text-align:center;}.elementor-129 .elementor-element.elementor-element-59d850e8 .elementor-heading-title{font-family:var( --e-global-typography-ffb9126-font-family ), Sans-serif;font-size:var( --e-global-typography-ffb9126-font-size );font-weight:var( --e-global-typography-ffb9126-font-weight );line-height:var( --e-global-typography-ffb9126-line-height );letter-spacing:var( --e-global-typography-ffb9126-letter-spacing );word-spacing:var( --e-global-typography-ffb9126-word-spacing );color:var( --e-global-color-22c322d );}.elementor-129 .elementor-element.elementor-element-798ad07{--display:flex;}@media(max-width:1024px){.elementor-129 .elementor-element.elementor-element-449800de{--padding-top:60px;--padding-bottom:0px;--padding-left:20px;--padding-right:20px;}.elementor-129 .elementor-element.elementor-element-59d850e8 .elementor-heading-title{font-size:var( --e-global-typography-ffb9126-font-size );line-height:var( --e-global-typography-ffb9126-line-height );letter-spacing:var( --e-global-typography-ffb9126-letter-spacing );word-spacing:var( --e-global-typography-ffb9126-word-spacing );}}@media(max-width:767px){.elementor-129 .elementor-element.elementor-element-449800de{--min-height:400px;--padding-top:50px;--padding-bottom:0px;--padding-left:20px;--padding-right:20px;}.elementor-129 .elementor-element.elementor-element-59d850e8 .elementor-heading-title{font-size:var( --e-global-typography-ffb9126-font-size );line-height:var( --e-global-typography-ffb9126-line-height );letter-spacing:var( --e-global-typography-ffb9126-letter-spacing );word-spacing:var( --e-global-typography-ffb9126-word-spacing );}}<\/style>\t\t<div data-elementor-type=\"wp-page\" data-elementor-id=\"129\" class=\"elementor elementor-129\" data-elementor-post-type=\"page\">\n\t\t\t\t<div class=\"elementor-element elementor-element-449800de e-flex e-con-boxed e-con e-parent\" data-id=\"449800de\" data-element_type=\"container\" data-e-type=\"container\" data-settings=\"{&quot;background_background&quot;:&quot;classic&quot;}\">\n\t\t\t\t\t<div class=\"e-con-inner\">\n\t\t\t\t<div class=\"elementor-element elementor-element-59d850e8 elementor-widget elementor-widget-heading\" data-id=\"59d850e8\" data-element_type=\"widget\" data-e-type=\"widget\" data-widget_type=\"heading.default\">\n\t\t\t\t\t<h2 class=\"elementor-heading-title elementor-size-default\">Satzung<\/h2>\t\t\t\t<\/div>\n\t\t\t\t\t<\/div>\n\t\t\t\t<\/div>\n\t\t<div class=\"elementor-element elementor-element-798ad07 e-flex e-con-boxed e-con e-parent\" data-id=\"798ad07\" data-element_type=\"container\" data-e-type=\"container\">\n\t\t\t\t\t<div class=\"e-con-inner\">\n\t\t\t\t<div class=\"elementor-element elementor-element-c98cbfd elementor-widget elementor-widget-text-editor\" data-id=\"c98cbfd\" data-element_type=\"widget\" data-e-type=\"widget\" data-widget_type=\"text-editor.default\">\n\t\t\t\t\t\t\t\t\t<h1 data-start=\"156\" data-end=\"167\">Satzung<\/h1><p data-start=\"168\" data-end=\"219\">Mobilis \u2013 INKLUSIVE VIELFALT ERLEBEN Wiesbaden e.V.<\/p><h3 data-start=\"221\" data-end=\"229\">\u00a7 1<\/h3><p data-start=\"230\" data-end=\"258\">Name, Sitz und Gesch\u00e4ftsjahr<\/p><ol data-start=\"260\" data-end=\"524\"><li data-start=\"260\" data-end=\"374\"><p data-start=\"263\" data-end=\"374\">Der Verein f\u00fchrt den Namen Mobilis -INKLUSIVE VIELFALT ERLEBEN Wiesbaden e.V., im folgenden \u201eVerein\u201c genannt.<\/p><\/li><li data-start=\"375\" data-end=\"420\"><p data-start=\"378\" data-end=\"420\">Der Verein hat seinen Sitz in Wiesbaden.<\/p><\/li><li data-start=\"421\" data-end=\"465\"><p data-start=\"424\" data-end=\"465\">Das Gesch\u00e4ftsjahr ist das Kalenderjahr.<\/p><\/li><li data-start=\"466\" data-end=\"524\"><p data-start=\"469\" data-end=\"524\">Der Verein soll ins Vereinsregister eingetragen werden.<\/p><\/li><\/ol><h3 data-start=\"526\" data-end=\"534\">\u00a7 2<\/h3><p data-start=\"535\" data-end=\"550\">Zweckbestimmung<\/p><ol data-start=\"552\" data-end=\"3035\"><li data-start=\"552\" data-end=\"1859\"><p data-start=\"555\" data-end=\"907\">Zweck des Vereins ist die materielle und immaterielle Unterst\u00fctzung und F\u00f6rderung von Menschen mit physischem, psychischem oder sozialem Handicap. Ziel ist es, inklusive Sport-, Bewegungs-, Kunst- und Kulturangebote in Vereinen, Schulen, Einrichtungen der Behinderten- und Altenhilfe und Einzelpersonen zu installieren und unterst\u00fctzend zu begleiten.<\/p><p data-start=\"912\" data-end=\"1199\">Die selbstverst\u00e4ndliche Einbindung von Menschen mit und ohne Beeintr\u00e4chtigung durch inklusive Angebote in den Bereichen Sport, Bewegung, Soziales, Kunst und Kultur bildet eine Br\u00fccke zur Teilnahme am gesellschaftlichen Leben. Dabei werden Ber\u00fchrungs\u00e4ngste bei allen Beteiligten abgebaut.<\/p><p data-start=\"1204\" data-end=\"1250\">Dieser Zweck wird insbesondere erreicht durch:<\/p><p data-start=\"1255\" data-end=\"1859\">Anschaffung zus\u00e4tzlicher Sport-, Spiel-, Therapie- sowie Kunst- und Kulturger\u00e4te auch f\u00fcr andere Vereine im Rahmen der F\u00f6rderung inklusiver Angebote.<br data-start=\"1404\" data-end=\"1407\" \/>Finanzierungshilfe zur fachlichen Weiterbildung der \u00dcbungsleiter\/innen und Kulturvermittler\/innen in gemeinn\u00fctzigen Vereinen.<br data-start=\"1535\" data-end=\"1538\" \/>Unterst\u00fctzung von sozialen Einrichtungen und Verb\u00e4nden mit Sachmitteln.<br data-start=\"1612\" data-end=\"1615\" \/>F\u00f6rderung und Unterst\u00fctzung von inklusiven sportlichen sowie kulturellen Veranstaltungen durch Finanzierungshilfen.<br data-start=\"1733\" data-end=\"1736\" \/>Initiierung und Durchf\u00fchrung von Projekten und Veranstaltungen, um Gelder zur F\u00f6rderung der Vereinszwecke zu generieren.<\/p><\/li><li data-start=\"1861\" data-end=\"2090\"><p data-start=\"1864\" data-end=\"2090\">Der Verein verfolgt ausschlie\u00dflich und unmittelbar gemeinn\u00fctzige Zwecke im Sinne des Abschnitts \u201eSteuerbeg\u00fcnstigte Zwecke\u201c der Abgabenordnung in der jeweils g\u00fcltigen Fassung. Er wird als F\u00f6rderverein nach \u00a7 58 Nr.1 AO t\u00e4tig.<\/p><\/li><li data-start=\"2092\" data-end=\"2399\"><p data-start=\"2095\" data-end=\"2399\">F\u00fcr die Erf\u00fcllung dieser satzungsm\u00e4\u00dfigen Zwecke sollen geeignete Mittel durch Beitr\u00e4ge\/Umlagen, Spenden, Zusch\u00fcsse und sonstige Zuwendungen sowie durch die Durchf\u00fchrung eigener Projekte und Veranstaltungen eingesetzt werden. Es sollen \u00fcberwiegend finanzielle Mittel beschafft und weitergeleitet werden.<\/p><\/li><li data-start=\"2401\" data-end=\"2500\"><p data-start=\"2404\" data-end=\"2500\">Der Verein ist selbstlos t\u00e4tig; er verfolgt nicht in erster Linie eigenwirtschaftliche Zwecke.<\/p><\/li><li data-start=\"2502\" data-end=\"2580\"><p data-start=\"2505\" data-end=\"2580\">Mittel des Vereins d\u00fcrfen nur f\u00fcr satzungsgem\u00e4\u00dfe Zwecke verwendet werden.<\/p><\/li><li data-start=\"2582\" data-end=\"2665\"><p data-start=\"2585\" data-end=\"2665\">Die Mitglieder des Vereins erhalten keine Zuwendungen aus Mitteln des Vereins.<\/p><\/li><li data-start=\"2667\" data-end=\"2811\"><p data-start=\"2670\" data-end=\"2811\">Es darf keine Person durch Ausgaben, die dem Zweck des Vereins fremd sind oder durch unverh\u00e4ltnism\u00e4\u00dfig hohe Verg\u00fctungen, beg\u00fcnstigt werden.<\/p><\/li><li data-start=\"2813\" data-end=\"3035\"><p data-start=\"2816\" data-end=\"3035\">Die Ausf\u00fcllung von \u00c4mtern nach den Satzungsvorgaben erfolgt ehrenamtlich. Der Verein kann sich zur Erf\u00fcllung einer Hilfsperson im Sinne von \u00a7 57 Abs.1 S.2 der AO bedienen, soweit sie die Aufgaben nicht selbst wahrnimmt.<\/p><\/li><\/ol><h3 data-start=\"3037\" data-end=\"3045\">\u00a7 3<\/h3><p data-start=\"3046\" data-end=\"3060\">Mitgliedschaft<\/p><ol data-start=\"3062\" data-end=\"3645\"><li data-start=\"3062\" data-end=\"3224\"><p data-start=\"3065\" data-end=\"3224\">Mitglied kann jede nat\u00fcrliche und juristische Person, Personenvereinigung werden, die bereit ist, Ziele und Satzungszwecke des Vereins nachhaltig zu f\u00f6rdern.<\/p><\/li><li data-start=\"3225\" data-end=\"3335\"><p data-start=\"3228\" data-end=\"3335\">Der Verein besteht aus aktiven und F\u00f6rdermitgliedern (ordentliche Mitglieder) sowie aus Ehrenmitgliedern.<\/p><\/li><li data-start=\"3336\" data-end=\"3645\"><p data-start=\"3339\" data-end=\"3645\">Zum Ehrenmitglied werden Mitglieder ernannt, die sich in besonderer Weise um den Verein verdient gemacht haben. Hierf\u00fcr ist ein Beschluss der Mitgliederversammlung erforderlich. Ehrenmitglieder sind von der Beitragszahlung befreit, haben jedoch die gleichen Rechte und Pflichten wie ordentliche Mitglieder.<\/p><\/li><\/ol><h3 data-start=\"3647\" data-end=\"3655\">\u00a7 4<\/h3><p data-start=\"3656\" data-end=\"3691\">Rechte und Pflichten der Mitglieder<\/p><ol data-start=\"3693\" data-end=\"3937\"><li data-start=\"3693\" data-end=\"3802\"><p data-start=\"3696\" data-end=\"3802\">Die Mitglieder haben das Recht, gegen\u00fcber dem Vorstand und der Mitgliederversammlung Antr\u00e4ge zu stellen.<\/p><\/li><li data-start=\"3803\" data-end=\"3937\"><p data-start=\"3806\" data-end=\"3937\">Mitglieder sind verpflichtet den Verein und den Vereinszweck, auch in der \u00d6ffentlichkeit, in ordnungsgem\u00e4\u00dfer Weise zu unterst\u00fctzen.<\/p><\/li><\/ol><h3 data-start=\"3939\" data-end=\"3947\">\u00a7 5<\/h3><p data-start=\"3948\" data-end=\"3978\">Beginn\/Ende der Mitgliedschaft<\/p><p data-start=\"3980\" data-end=\"4295\">Die Mitgliedschaft muss gegen\u00fcber dem Vorstand schriftlich beantragt werden. \u00dcber den schriftlichen Aufnahmeantrag entscheidet der Vorstand mit einfacher Stimmenmehrheit abschlie\u00dfend. Der Vorstand ist nicht verpflichtet Ablehnungsgr\u00fcnde dem\/der Antragsteller\/in mitzuteilen, ein Aufnahmeanspruch ist ausgeschlossen.<\/p><ol data-start=\"4297\" data-end=\"5158\"><li data-start=\"4297\" data-end=\"4445\"><p data-start=\"4300\" data-end=\"4445\">Die Mitgliedschaft endet durch freiwilligen Austritt, Ausschluss, Tod des Mitglieds oder Verlust der Rechtsf\u00e4higkeit bei juristischen Personen.<\/p><\/li><li data-start=\"4446\" data-end=\"4581\"><p data-start=\"4449\" data-end=\"4581\">Der freiwillige Austritt kann jederzeit erfolgen. Die K\u00fcndigung muss schriftlich gegen\u00fcber den ersten Vorsitzenden erkl\u00e4rt werden.<\/p><\/li><li data-start=\"4582\" data-end=\"4853\"><p data-start=\"4585\" data-end=\"4853\">Der Ausschluss eines Mitglieds kann mit sofortiger Wirkung dann ausgesprochen werden, wenn das Mitglied in grober Weise gegen die Satzung oder die Vereinsinteressen verst\u00f6\u00dft. \u00dcber den Ausschluss eines Mitglieds entscheidet der Vorstand mit einfacher Stimmenmehrheit.<\/p><\/li><li data-start=\"4854\" data-end=\"5158\"><p data-start=\"4857\" data-end=\"5158\">Bei Beendigung der Mitgliedschaft, gleich aus welchem Grund, erl\u00f6schen alle Anspr\u00fcche aus dem Mitgliedsverh\u00e4ltnis. Eine R\u00fcckgew\u00e4hr von Beitr\u00e4gen, Spenden oder sonstigen Unterst\u00fctzungsleistungen ist ausgeschlossen. Der Anspruch des Vereins auf r\u00fcckst\u00e4ndige Beitragsforderungen bleibt hiervon unber\u00fchrt.<\/p><\/li><\/ol><h3 data-start=\"5160\" data-end=\"5168\">\u00a7 6<\/h3><p data-start=\"5169\" data-end=\"5186\">Mitgliedsbeitr\u00e4ge<\/p><ol data-start=\"5188\" data-end=\"5700\"><li data-start=\"5188\" data-end=\"5460\"><p data-start=\"5191\" data-end=\"5460\">Die Mitgliedsbeitr\u00e4ge sind Mindestjahresbeitr\u00e4ge und werden von der Mitgliederversammlung jeweils f\u00fcr das kommende Gesch\u00e4ftsjahr festgesetzt\/ge\u00e4ndert. Bei Vereinsbeitritt im laufenden Gesch\u00e4ftsjahr wird der gesamte Jahresbeitrag f\u00e4llig, unabh\u00e4ngig vom Eintrittsmonat.<\/p><\/li><li data-start=\"5461\" data-end=\"5700\"><p data-start=\"5464\" data-end=\"5700\">Mitglieder, die dem Verein die grunds\u00e4tzlich erw\u00fcnschte Einzugserm\u00e4chtigung \u00fcber ihren Jahresbeitrag (Betrag) erteilt haben und deren Konto nicht die n\u00f6tige Deckungssumme aufweist, werden mit den daraus entstehenden Mehrkosten belastet.<\/p><\/li><\/ol><h3 data-start=\"5702\" data-end=\"5710\">\u00a7 7<\/h3><p data-start=\"5711\" data-end=\"5729\">Organe des Vereins<\/p><p data-start=\"5731\" data-end=\"5755\">Organe des Vereins sind:<\/p><p data-start=\"5757\" data-end=\"5797\">die Mitgliederversammlung<br data-start=\"5782\" data-end=\"5785\" \/>der Vorstand<\/p><h3 data-start=\"5799\" data-end=\"5807\">\u00a7 8<\/h3><p data-start=\"5808\" data-end=\"5829\">Mitgliederversammlung<\/p><ol data-start=\"5831\" data-end=\"5931\"><li data-start=\"5831\" data-end=\"5931\"><p data-start=\"5834\" data-end=\"5931\">Oberstes Organ des Vereins ist die Mitgliederversammlung, sie hat insbesondere folgende Aufgaben:<\/p><\/li><\/ol><p data-start=\"5933\" data-end=\"6396\">die Jahresberichte entgegenzunehmen und zu beraten,<br data-start=\"5984\" data-end=\"5987\" \/>\u00fcber die Entlastung des Vorstands zu beraten und zu beschlie\u00dfen,<br data-start=\"6051\" data-end=\"6054\" \/>den Vorstand zu w\u00e4hlen (im daf\u00fcr vorgesehen Wahljahr),<br data-start=\"6108\" data-end=\"6111\" \/>\u00fcber die Satzung, \u00c4nderungen der Satzung sowie die Aufl\u00f6sung des Vereins zu bestimmen,<br data-start=\"6197\" data-end=\"6200\" \/>alle 2 Jahre die Kassenpr\u00fcfer zu w\u00e4hlen, die weder dem Vorstand noch einem vom Vorstand berufenen Gremium angeh\u00f6ren und nicht Angestellte des Vereins sein d\u00fcrfen und deren Wiederwahl zul\u00e4ssig ist.<\/p><ol start=\"2\" data-start=\"6398\" data-end=\"6718\"><li data-start=\"6398\" data-end=\"6718\"><p data-start=\"6401\" data-end=\"6718\">Eine ordentliche Mitgliederversammlung wird vom Vorstand des Vereins nach Bedarf, mindestens aber einmal im Gesch\u00e4ftsjahr, nach M\u00f6glichkeit im ersten Halbjahr des Gesch\u00e4ftsjahrs, einberufen. Die Einladung erfolgt 4 Wochen vorher in Textform durch den Vorstand mit Bekanntgabe der vorl\u00e4ufig festgesetzten Tagesordnung.<\/p><\/li><\/ol><p data-start=\"6720\" data-end=\"6821\">Die Tagesordnung der ordentlichen Mitgliederversammlung hat insbesondere folgende Punkte zu umfassen:<\/p><p data-start=\"6823\" data-end=\"7180\">Gesch\u00e4ftsbericht durch den\/der Vorsitzenden\/de oder deren Stellvertreter,<br data-start=\"6896\" data-end=\"6899\" \/>gepr\u00fcfter Kassenbericht des\/der Kassenwart\/in,<br data-start=\"6945\" data-end=\"6948\" \/>Bericht des\/der Kassenpr\u00fcfer\/in,<br data-start=\"6980\" data-end=\"6983\" \/>Entlastung des Vorstands,<br data-start=\"7008\" data-end=\"7011\" \/>Wahl von zwei Kassenpr\u00fcfern,<br data-start=\"7039\" data-end=\"7042\" \/>Festsetzung der Beitr\u00e4ge f\u00fcr das kommende Jahr bzw. zur Verabschiedung von Beitragsordnungen,<br data-start=\"7135\" data-end=\"7138\" \/>Beschlussfassung \u00fcber vorliegende Antr\u00e4ge.<\/p><ol start=\"3\" data-start=\"7182\" data-end=\"7316\"><li data-start=\"7182\" data-end=\"7316\"><p data-start=\"7185\" data-end=\"7316\">Eine au\u00dferordentliche Mitgliederversammlung kann mit einer Frist von einer Woche einberufen werden. Sie ist dann einzuberufen wenn:<\/p><\/li><\/ol><p data-start=\"7318\" data-end=\"7506\">das Interesse des Vereins es erfordert,<br data-start=\"7357\" data-end=\"7360\" \/>der Vorstand es mit einfacher Stimmenmehrheit beschlie\u00dft,<br data-start=\"7417\" data-end=\"7420\" \/>1\/10 der Mitglieder dies schriftlich unter Angabe des Zwecks beim Vorstand beantragen.<\/p><h3 data-start=\"7508\" data-end=\"7516\">\u00a7 9<\/h3><p data-start=\"7517\" data-end=\"7546\">Stimmrecht\/Beschlussf\u00e4higkeit<\/p><ol data-start=\"7548\" data-end=\"8049\"><li data-start=\"7548\" data-end=\"7684\"><p data-start=\"7551\" data-end=\"7684\">Stimmberechtigt sind ordentliche Mitglieder und Ehrenmitglieder. Jedes Mitglied hat mit Vollendung des 16. Lebensjahrs eine Stimme.<\/p><\/li><li data-start=\"7685\" data-end=\"7797\"><p data-start=\"7688\" data-end=\"7797\">Die Mitgliederversammlung ist ohne R\u00fccksicht auf die Anzahl der nicht anwesenden Mitglieder beschlussf\u00e4hig.<\/p><\/li><li data-start=\"7798\" data-end=\"7874\"><p data-start=\"7801\" data-end=\"7874\">Die Mitgliederversammlung fasst ihre Beschl\u00fcsse mit einfacher Mehrheit.<\/p><\/li><li data-start=\"7875\" data-end=\"7924\"><p data-start=\"7878\" data-end=\"7924\">Abstimmungen erfolgen offen per Handzeichen.<\/p><\/li><li data-start=\"7925\" data-end=\"8049\"><p data-start=\"7928\" data-end=\"8049\">F\u00fcr Satzungs\u00e4nderungen, Zweck\u00e4nderung und Beschl\u00fcsse zur Aufl\u00f6sung des Vereins ist eine Dreiviertelmehrheit erforderlich.<\/p><\/li><\/ol><h3 data-start=\"8051\" data-end=\"8060\">\u00a7 10<\/h3><p data-start=\"8061\" data-end=\"8072\">Wahlordnung<\/p><ol data-start=\"8074\" data-end=\"8374\"><li data-start=\"8074\" data-end=\"8168\"><p data-start=\"8077\" data-end=\"8168\">Ein Mitglied wird von der Mitgliederversammlung durch Akklamation zum Wahlleiter berufen.<\/p><\/li><li data-start=\"8169\" data-end=\"8218\"><p data-start=\"8172\" data-end=\"8218\">Wahlberechtigt ist jedes anwesende Mitglied.<\/p><\/li><li data-start=\"8219\" data-end=\"8318\"><p data-start=\"8222\" data-end=\"8318\">Die Vorstandsmitglieder werden in getrennten Wahlg\u00e4ngen mit einfacher Stimmenmehrheit gew\u00e4hlt.<\/p><\/li><li data-start=\"8319\" data-end=\"8374\"><p data-start=\"8322\" data-end=\"8374\">Das Wahlprotokoll f\u00fchrt der bisherige Schriftf\u00fchrer.<\/p><\/li><\/ol><h3 data-start=\"8376\" data-end=\"8385\">\u00a7 11<\/h3><p data-start=\"8386\" data-end=\"8394\">Vorstand<\/p><p data-start=\"8396\" data-end=\"8439\">Der Vorstand setzt sich wie folgt zusammen:<\/p><p data-start=\"8441\" data-end=\"8531\">ein\/eine Vorsitzender\/e<br data-start=\"8464\" data-end=\"8467\" \/>zweiter\/zweite Vorsitzender\/e<br data-start=\"8496\" data-end=\"8499\" \/>Schriftf\u00fchrer\/in<br data-start=\"8515\" data-end=\"8518\" \/>Kassenwart\/in<\/p><p data-start=\"8533\" data-end=\"8644\">Der Vorstand wird von der Mitgliederversammlung f\u00fcr die Dauer von zwei Jahren gew\u00e4hlt. Wiederwahl ist zul\u00e4ssig.<\/p><h3 data-start=\"8646\" data-end=\"8655\">\u00a7 12<\/h3><p data-start=\"8656\" data-end=\"8671\">Vereinsverm\u00f6gen<\/p><p data-start=\"8673\" data-end=\"8716\">Der Vorstand verwaltet das Vereinsverm\u00f6gen.<\/p><h3 data-start=\"8718\" data-end=\"8727\">\u00a7 13<\/h3><p data-start=\"8728\" data-end=\"8741\">Kassenpr\u00fcfung<\/p><p data-start=\"8743\" data-end=\"8847\">Die Kassenpr\u00fcfer \u00fcberpr\u00fcfen Rechnungsbelege, Verbuchung und Mittelverwendung mindestens einmal j\u00e4hrlich.<\/p><h3 data-start=\"8849\" data-end=\"8858\">\u00a7 14<\/h3><p data-start=\"8859\" data-end=\"8880\">Aufl\u00f6sung des Vereins<\/p><p data-start=\"8882\" data-end=\"9128\">Bei Aufhebung oder Aufl\u00f6sung des Vereins f\u00e4llt das Vereinsverm\u00f6gen an<br data-start=\"8951\" data-end=\"8954\" \/>EVIM Evangelischer Verein f\u00fcr Innere Mission in Nassau,<br data-start=\"9009\" data-end=\"9012\" \/>Auguste-Viktoria-Str. 16<br data-start=\"9036\" data-end=\"9039\" \/>65185 Wiesbaden,<br data-start=\"9055\" data-end=\"9058\" \/>zwecks Verwendung f\u00fcr die in \u00a7 2 der Satzung genannte Zweckbestimmung.<\/p><h3 data-start=\"9130\" data-end=\"9139\">\u00a7 15<\/h3><p data-start=\"9140\" data-end=\"9152\">Liquidatoren<\/p><p data-start=\"9154\" data-end=\"9315\">Als Liquidatoren werden die im Amt befindlichen vertretungsberechtigten Vorstandsmitglieder bestimmt, soweit die Mitgliederversammlung nichts anderes beschlie\u00dft.<\/p>\t\t\t\t\t\t\t\t<\/div>\n\t\t\t\t\t<\/div>\n\t\t\t\t<\/div>\n\t\t\t\t<\/div>\n\t\t\n    <div class=\"xs_social_share_widget xs_share_url after_content \t\tmain_content  wslu-style-1 wslu-share-box-shaped wslu-fill-colored wslu-none wslu-share-horizontal wslu-theme-font-no wslu-main_content\">\n\n\t\t\n        <ul>\n\t\t\t        <\/ul>\n    <\/div> \n","protected":false},"excerpt":{"rendered":"<p>Satzung Satzung Mobilis \u2013 INKLUSIVE VIELFALT ERLEBEN Wiesbaden e.V. \u00a7 1 Name, Sitz und Gesch\u00e4ftsjahr Der Verein f\u00fchrt den Namen Mobilis -INKLUSIVE VIELFALT ERLEBEN Wiesbaden e.V., im folgenden \u201eVerein\u201c genannt. Der Verein hat seinen Sitz in Wiesbaden. Das Gesch\u00e4ftsjahr ist das Kalenderjahr. Der Verein soll ins Vereinsregister eingetragen werden. \u00a7 2 Zweckbestimmung Zweck des Vereins [&hellip;]<\/p>\n","protected":false},"author":1,"featured_media":0,"parent":0,"menu_order":0,"comment_status":"closed","ping_status":"closed","template":"","meta":{"give_campaign_id":0,"postBodyCss":"","postBodyMargin":[],"postBodyPadding":[],"postBodyBackground":{"backgroundType":"classic","gradient":""},"footnotes":""},"class_list":["post-129","page","type-page","status-publish","hentry"],"campaignId":"","_links":{"self":[{"href":"https:\/\/vip.sbj-media.de\/index.php?rest_route=\/wp\/v2\/pages\/129","targetHints":{"allow":["GET"]}}],"collection":[{"href":"https:\/\/vip.sbj-media.de\/index.php?rest_route=\/wp\/v2\/pages"}],"about":[{"href":"https:\/\/vip.sbj-media.de\/index.php?rest_route=\/wp\/v2\/types\/page"}],"author":[{"embeddable":true,"href":"https:\/\/vip.sbj-media.de\/index.php?rest_route=\/wp\/v2\/users\/1"}],"replies":[{"embeddable":true,"href":"https:\/\/vip.sbj-media.de\/index.php?rest_route=%2Fwp%2Fv2%2Fcomments&post=129"}],"version-history":[{"count":10,"href":"https:\/\/vip.sbj-media.de\/index.php?rest_route=\/wp\/v2\/pages\/129\/revisions"}],"predecessor-version":[{"id":520,"href":"https:\/\/vip.sbj-media.de\/index.php?rest_route=\/wp\/v2\/pages\/129\/revisions\/520"}],"wp:attachment":[{"href":"https:\/\/vip.sbj-media.de\/index.php?rest_route=%2Fwp%2Fv2%2Fmedia&parent=129"}],"curies":[{"name":"wp","href":"https:\/\/api.w.org\/{rel}","templated":true}]}}