{"id":127,"date":"2026-01-03T23:13:50","date_gmt":"2026-01-03T22:13:50","guid":{"rendered":"https:\/\/vip.sbj-media.de\/?page_id=127"},"modified":"2026-03-19T00:53:12","modified_gmt":"2026-03-18T23:53:12","slug":"schirmherr","status":"publish","type":"page","link":"https:\/\/vip.sbj-media.de\/?page_id=127","title":{"rendered":"Schirmherr"},"content":{"rendered":"<style>.elementor-127 .elementor-element.elementor-element-45256e95{--display:flex;--min-height:440px;--flex-direction:column;--container-widget-width:100%;--container-widget-height:initial;--container-widget-flex-grow:0;--container-widget-align-self:initial;--flex-wrap-mobile:wrap;--justify-content:center;--overlay-opacity:0.7;--padding-top:60px;--padding-bottom:0px;--padding-left:0px;--padding-right:0px;}.elementor-127 .elementor-element.elementor-element-45256e95:not(.elementor-motion-effects-element-type-background), .elementor-127 .elementor-element.elementor-element-45256e95 > .elementor-motion-effects-container > .elementor-motion-effects-layer{background-image:url(\"https:\/\/vip.sbj-media.de\/wp-content\/uploads\/2025\/12\/4.webp\");background-position:center right;background-repeat:no-repeat;background-size:cover;}.elementor-127 .elementor-element.elementor-element-45256e95::before, .elementor-127 .elementor-element.elementor-element-45256e95 > .elementor-background-video-container::before, .elementor-127 .elementor-element.elementor-element-45256e95 > .e-con-inner > .elementor-background-video-container::before, .elementor-127 .elementor-element.elementor-element-45256e95 > .elementor-background-slideshow::before, .elementor-127 .elementor-element.elementor-element-45256e95 > .e-con-inner > .elementor-background-slideshow::before, .elementor-127 .elementor-element.elementor-element-45256e95 > .elementor-motion-effects-container > .elementor-motion-effects-layer::before{--background-overlay:'';background-color:var( --e-global-color-c69b414 );}.elementor-127 .elementor-element.elementor-element-28549e45{text-align:center;}.elementor-127 .elementor-element.elementor-element-28549e45 .elementor-heading-title{font-family:var( --e-global-typography-ffb9126-font-family ), Sans-serif;font-size:var( --e-global-typography-ffb9126-font-size );font-weight:var( --e-global-typography-ffb9126-font-weight );line-height:var( --e-global-typography-ffb9126-line-height );letter-spacing:var( --e-global-typography-ffb9126-letter-spacing );word-spacing:var( --e-global-typography-ffb9126-word-spacing );color:var( --e-global-color-22c322d );}.elementor-127 .elementor-element.elementor-element-500b94e6{--display:flex;--flex-direction:row;--container-widget-width:initial;--container-widget-height:100%;--container-widget-flex-grow:1;--container-widget-align-self:stretch;--flex-wrap-mobile:wrap;--gap:50px 50px;--row-gap:50px;--column-gap:50px;--overflow:hidden;--overlay-opacity:0.9;--padding-top:60px;--padding-bottom:60px;--padding-left:0px;--padding-right:0px;}.elementor-127 .elementor-element.elementor-element-500b94e6:not(.elementor-motion-effects-element-type-background), .elementor-127 .elementor-element.elementor-element-500b94e6 > .elementor-motion-effects-container > .elementor-motion-effects-layer{background-color:var( --e-global-color-22c322d );}.elementor-127 .elementor-element.elementor-element-500b94e6::before, .elementor-127 .elementor-element.elementor-element-500b94e6 > .elementor-background-video-container::before, .elementor-127 .elementor-element.elementor-element-500b94e6 > .e-con-inner > .elementor-background-video-container::before, .elementor-127 .elementor-element.elementor-element-500b94e6 > .elementor-background-slideshow::before, .elementor-127 .elementor-element.elementor-element-500b94e6 > .e-con-inner > .elementor-background-slideshow::before, .elementor-127 .elementor-element.elementor-element-500b94e6 > .elementor-motion-effects-container > .elementor-motion-effects-layer::before{--background-overlay:'';background-color:var( --e-global-color-22c322d );}.elementor-127 .elementor-element.elementor-element-4b0613b1{--display:flex;--padding-top:30px;--padding-bottom:30px;--padding-left:0px;--padding-right:0px;}.elementor-127 .elementor-element.elementor-element-37a99b06 .elementor-icon-list-icon i{color:var( --e-global-color-accent );transition:color 0.3s;}.elementor-127 .elementor-element.elementor-element-37a99b06 .elementor-icon-list-icon svg{fill:var( --e-global-color-accent );transition:fill 0.3s;}.elementor-127 .elementor-element.elementor-element-37a99b06{--e-icon-list-icon-size:18px;--icon-vertical-offset:-1px;}.elementor-127 .elementor-element.elementor-element-37a99b06 .elementor-icon-list-item > .elementor-icon-list-text, .elementor-127 .elementor-element.elementor-element-37a99b06 .elementor-icon-list-item > a{font-family:var( --e-global-typography-f2db769-font-family ), Sans-serif;font-size:var( --e-global-typography-f2db769-font-size );font-weight:var( --e-global-typography-f2db769-font-weight );text-transform:var( --e-global-typography-f2db769-text-transform );line-height:var( --e-global-typography-f2db769-line-height );letter-spacing:var( --e-global-typography-f2db769-letter-spacing );word-spacing:var( --e-global-typography-f2db769-word-spacing );}.elementor-127 .elementor-element.elementor-element-37a99b06 .elementor-icon-list-text{color:var( --e-global-color-text );transition:color 0.3s;}.elementor-127 .elementor-element.elementor-element-37c5f910 .elementor-heading-title{font-family:var( --e-global-typography-d86f8c4-font-family ), Sans-serif;font-size:var( --e-global-typography-d86f8c4-font-size );font-weight:var( --e-global-typography-d86f8c4-font-weight );line-height:var( --e-global-typography-d86f8c4-line-height );letter-spacing:var( --e-global-typography-d86f8c4-letter-spacing );word-spacing:var( --e-global-typography-d86f8c4-word-spacing );color:var( --e-global-color-text );}.elementor-127 .elementor-element.elementor-element-1dad6134{font-family:var( --e-global-typography-text-font-family ), Sans-serif;font-size:var( --e-global-typography-text-font-size );font-weight:var( --e-global-typography-text-font-weight );line-height:var( --e-global-typography-text-line-height );color:var( --e-global-color-text );}.elementor-127 .elementor-element.elementor-element-1dad6134 p{margin-block-end:0px;}.elementor-127 .elementor-element.elementor-element-4cad1484{--display:flex;--flex-direction:row;--container-widget-width:initial;--container-widget-height:100%;--container-widget-flex-grow:1;--container-widget-align-self:stretch;--flex-wrap-mobile:wrap;--padding-top:0px;--padding-bottom:0px;--padding-left:0px;--padding-right:0px;}.elementor-127 .elementor-element.elementor-element-58b333d img{width:50%;}.elementor-127 .elementor-element.elementor-element-58b333d{width:var( --container-widget-width, 104.549% );max-width:104.549%;--container-widget-width:104.549%;--container-widget-flex-grow:0;}.elementor-127 .elementor-element.elementor-element-58b333d.elementor-element{--flex-grow:0;--flex-shrink:0;}@media(max-width:1024px){.elementor-127 .elementor-element.elementor-element-45256e95{--padding-top:60px;--padding-bottom:0px;--padding-left:20px;--padding-right:20px;}.elementor-127 .elementor-element.elementor-element-28549e45 .elementor-heading-title{font-size:var( --e-global-typography-ffb9126-font-size );line-height:var( --e-global-typography-ffb9126-line-height );letter-spacing:var( --e-global-typography-ffb9126-letter-spacing );word-spacing:var( --e-global-typography-ffb9126-word-spacing );}.elementor-127 .elementor-element.elementor-element-500b94e6{--flex-direction:column-reverse;--container-widget-width:100%;--container-widget-height:initial;--container-widget-flex-grow:0;--container-widget-align-self:initial;--flex-wrap-mobile:wrap;--padding-top:60px;--padding-bottom:60px;--padding-left:20px;--padding-right:20px;}.elementor-127 .elementor-element.elementor-element-4b0613b1{--padding-top:0px;--padding-bottom:0px;--padding-left:0px;--padding-right:0px;}.elementor-127 .elementor-element.elementor-element-37a99b06 .elementor-icon-list-item > .elementor-icon-list-text, .elementor-127 .elementor-element.elementor-element-37a99b06 .elementor-icon-list-item > a{font-size:var( --e-global-typography-f2db769-font-size );line-height:var( --e-global-typography-f2db769-line-height );letter-spacing:var( --e-global-typography-f2db769-letter-spacing );word-spacing:var( --e-global-typography-f2db769-word-spacing );}.elementor-127 .elementor-element.elementor-element-37c5f910 .elementor-heading-title{font-size:var( --e-global-typography-d86f8c4-font-size );line-height:var( --e-global-typography-d86f8c4-line-height );letter-spacing:var( --e-global-typography-d86f8c4-letter-spacing );word-spacing:var( --e-global-typography-d86f8c4-word-spacing );}.elementor-127 .elementor-element.elementor-element-1dad6134{font-size:var( --e-global-typography-text-font-size );line-height:var( --e-global-typography-text-line-height );}}@media(max-width:767px){.elementor-127 .elementor-element.elementor-element-45256e95{--min-height:400px;--padding-top:50px;--padding-bottom:0px;--padding-left:20px;--padding-right:20px;}.elementor-127 .elementor-element.elementor-element-28549e45 .elementor-heading-title{font-size:var( --e-global-typography-ffb9126-font-size );line-height:var( --e-global-typography-ffb9126-line-height );letter-spacing:var( --e-global-typography-ffb9126-letter-spacing );word-spacing:var( --e-global-typography-ffb9126-word-spacing );}.elementor-127 .elementor-element.elementor-element-37a99b06 .elementor-icon-list-item > .elementor-icon-list-text, .elementor-127 .elementor-element.elementor-element-37a99b06 .elementor-icon-list-item > a{font-size:var( --e-global-typography-f2db769-font-size );line-height:var( --e-global-typography-f2db769-line-height );letter-spacing:var( --e-global-typography-f2db769-letter-spacing );word-spacing:var( --e-global-typography-f2db769-word-spacing );}.elementor-127 .elementor-element.elementor-element-37c5f910 .elementor-heading-title{font-size:var( --e-global-typography-d86f8c4-font-size );line-height:var( --e-global-typography-d86f8c4-line-height );letter-spacing:var( --e-global-typography-d86f8c4-letter-spacing );word-spacing:var( --e-global-typography-d86f8c4-word-spacing );}.elementor-127 .elementor-element.elementor-element-1dad6134{font-size:var( --e-global-typography-text-font-size );line-height:var( --e-global-typography-text-line-height );}}<\/style>\t\t<div data-elementor-type=\"wp-page\" data-elementor-id=\"127\" class=\"elementor elementor-127\" data-elementor-post-type=\"page\">\n\t\t\t\t<div class=\"elementor-element elementor-element-45256e95 e-flex e-con-boxed e-con e-parent\" data-id=\"45256e95\" data-element_type=\"container\" data-e-type=\"container\" data-settings=\"{&quot;background_background&quot;:&quot;classic&quot;}\">\n\t\t\t\t\t<div class=\"e-con-inner\">\n\t\t\t\t<div class=\"elementor-element elementor-element-28549e45 elementor-widget elementor-widget-heading\" data-id=\"28549e45\" data-element_type=\"widget\" data-e-type=\"widget\" data-widget_type=\"heading.default\">\n\t\t\t\t\t<h2 class=\"elementor-heading-title elementor-size-default\">Schirmherr<\/h2>\t\t\t\t<\/div>\n\t\t\t\t\t<\/div>\n\t\t\t\t<\/div>\n\t\t<div class=\"elementor-element elementor-element-500b94e6 e-flex e-con-boxed e-con e-parent\" data-id=\"500b94e6\" data-element_type=\"container\" data-e-type=\"container\" data-settings=\"{&quot;background_background&quot;:&quot;classic&quot;}\">\n\t\t\t\t\t<div class=\"e-con-inner\">\n\t\t<div class=\"elementor-element elementor-element-4b0613b1 e-con-full e-flex e-con e-child\" data-id=\"4b0613b1\" data-element_type=\"container\" data-e-type=\"container\">\n\t\t\t\t<div class=\"elementor-element elementor-element-37a99b06 elementor-icon-list--layout-inline elementor-align-start elementor-list-item-link-full_width elementor-widget elementor-widget-icon-list\" data-id=\"37a99b06\" data-element_type=\"widget\" data-e-type=\"widget\" data-widget_type=\"icon-list.default\">\n\t\t\t\t\t\t\t<ul class=\"elementor-icon-list-items elementor-inline-items\">\n\t\t\t\t\t\t\t<li class=\"elementor-icon-list-item elementor-inline-item\">\n\t\t\t\t\t\t\t\t\t\t\t<span class=\"elementor-icon-list-icon\">\n\t\t\t\t\t\t\t<i aria-hidden=\"true\" class=\"icon icon-hand_shake\"><\/i>\t\t\t\t\t\t<\/span>\n\t\t\t\t\t\t\t\t\t\t<span class=\"elementor-icon-list-text\">Unser Schirmherr<\/span>\n\t\t\t\t\t\t\t\t\t<\/li>\n\t\t\t\t\t\t<\/ul>\n\t\t\t\t\t\t<\/div>\n\t\t\t\t<div class=\"elementor-element elementor-element-37c5f910 elementor-widget elementor-widget-heading\" data-id=\"37c5f910\" data-element_type=\"widget\" data-e-type=\"widget\" data-widget_type=\"heading.default\">\n\t\t\t\t\t<h2 class=\"elementor-heading-title elementor-size-default\">Herr Dr. Helmut M\u00fcller\n<\/h2>\t\t\t\t<\/div>\n\t\t\t\t<div class=\"elementor-element elementor-element-1dad6134 elementor-widget elementor-widget-text-editor\" data-id=\"1dad6134\" data-element_type=\"widget\" data-e-type=\"widget\" data-widget_type=\"text-editor.default\">\n\t\t\t\t\t\t\t\t\t<p>Dr. Helmut M\u00fcller, geboren 1952, ist eine herausragende Pers\u00f6nlichkeit mit einer beeindruckenden Karriere. Als ehemaliger Oberb\u00fcrgermeister von Wiesbaden (2007\u20132013) und Gesch\u00e4ftsf\u00fchrer des Kulturfonds Frankfurt RheinMain (2013\u20132019) bringt er jahrzehntelange Erfahrung in Politik, Kultur und Wirtschaft mit. Der promovierte Volkswirt war unter anderem Berater im Bundeskanzleramt und arbeitete eng mit Pers\u00f6nlichkeiten wie Helmut Kohl und Walter Wallmann zusammen.<\/p><p>Dr. M\u00fcller ist nicht nur ein Vision\u00e4r, sondern auch ein leidenschaftlicher F\u00f6rderer von Kultur und Gemeinschaft. Als Schirmherr von Mobilis e.V. unterst\u00fctzt er unsere Ziele mit gro\u00dfem Engagement und steht f\u00fcr die Werte, die uns verbinden: Zusammenhalt, Fortschritt und die St\u00e4rkung von Sport, Kunst und Kultur. Wir sind stolz, ihn an unserer Seite zu haben.<\/p>\t\t\t\t\t\t\t\t<\/div>\n\t\t\t\t<\/div>\n\t\t<div class=\"elementor-element elementor-element-4cad1484 e-con-full e-flex e-con e-child\" data-id=\"4cad1484\" data-element_type=\"container\" data-e-type=\"container\">\n\t\t\t\t<div class=\"elementor-element elementor-element-58b333d elementor-widget__width-initial elementor-widget elementor-widget-image\" data-id=\"58b333d\" data-element_type=\"widget\" data-e-type=\"widget\" data-widget_type=\"image.default\">\n\t\t\t\t\t\t\t\t\t\t\t\t\t\t\t<img decoding=\"async\" width=\"142\" height=\"213\" src=\"https:\/\/vip.sbj-media.de\/wp-content\/uploads\/2026\/03\/mueller.jpg\" class=\"attachment-full size-full wp-image-350\" alt=\"\" \/>\t\t\t\t\t\t\t\t\t\t\t\t\t\t\t<\/div>\n\t\t\t\t<\/div>\n\t\t\t\t\t<\/div>\n\t\t\t\t<\/div>\n\t\t\t\t<\/div>\n\t\t\n    <div class=\"xs_social_share_widget xs_share_url after_content \t\tmain_content  wslu-style-1 wslu-share-box-shaped wslu-fill-colored wslu-none wslu-share-horizontal wslu-theme-font-no wslu-main_content\">\n\n\t\t\n        <ul>\n\t\t\t        <\/ul>\n    <\/div> \n","protected":false},"excerpt":{"rendered":"<p>Schirmherr Unser Schirmherr Herr Dr. Helmut M\u00fcller Dr. Helmut M\u00fcller, geboren 1952, ist eine herausragende Pers\u00f6nlichkeit mit einer beeindruckenden Karriere. Als ehemaliger Oberb\u00fcrgermeister von Wiesbaden (2007\u20132013) und Gesch\u00e4ftsf\u00fchrer des Kulturfonds Frankfurt RheinMain (2013\u20132019) bringt er jahrzehntelange Erfahrung in Politik, Kultur und Wirtschaft mit. Der promovierte Volkswirt war unter anderem Berater im Bundeskanzleramt und arbeitete eng [&hellip;]<\/p>\n","protected":false},"author":1,"featured_media":0,"parent":0,"menu_order":0,"comment_status":"closed","ping_status":"closed","template":"","meta":{"give_campaign_id":0,"postBodyCss":"","postBodyMargin":[],"postBodyPadding":[],"postBodyBackground":{"backgroundType":"classic","gradient":""},"footnotes":""},"class_list":["post-127","page","type-page","status-publish","hentry"],"campaignId":"","_links":{"self":[{"href":"https:\/\/vip.sbj-media.de\/index.php?rest_route=\/wp\/v2\/pages\/127","targetHints":{"allow":["GET"]}}],"collection":[{"href":"https:\/\/vip.sbj-media.de\/index.php?rest_route=\/wp\/v2\/pages"}],"about":[{"href":"https:\/\/vip.sbj-media.de\/index.php?rest_route=\/wp\/v2\/types\/page"}],"author":[{"embeddable":true,"href":"https:\/\/vip.sbj-media.de\/index.php?rest_route=\/wp\/v2\/users\/1"}],"replies":[{"embeddable":true,"href":"https:\/\/vip.sbj-media.de\/index.php?rest_route=%2Fwp%2Fv2%2Fcomments&post=127"}],"version-history":[{"count":9,"href":"https:\/\/vip.sbj-media.de\/index.php?rest_route=\/wp\/v2\/pages\/127\/revisions"}],"predecessor-version":[{"id":561,"href":"https:\/\/vip.sbj-media.de\/index.php?rest_route=\/wp\/v2\/pages\/127\/revisions\/561"}],"wp:attachment":[{"href":"https:\/\/vip.sbj-media.de\/index.php?rest_route=%2Fwp%2Fv2%2Fmedia&parent=127"}],"curies":[{"name":"wp","href":"https:\/\/api.w.org\/{rel}","templated":true}]}}